{"id":2177,"date":"2025-03-29T04:57:24","date_gmt":"2025-03-29T03:57:24","guid":{"rendered":"https:\/\/carage.net\/pie-de-imprenta-carage-sitio-web\/"},"modified":"2025-03-29T04:57:24","modified_gmt":"2025-03-29T03:57:24","slug":"pie-de-imprenta-carage-sitio-web","status":"publish","type":"page","link":"https:\/\/carage.net\/es\/pie-de-imprenta-carage-sitio-web\/","title":{"rendered":"Pie de imprenta CARAGE Sitio web"},"content":{"rendered":"<p>SIC CARAGE AG<br \/>\nAngel 5<br \/>\n6043 Adligenswil<br \/>\nSuiza<br \/>\n<a href=\"mailto:lucerne@carage.net\" target=\"_blank\" rel=\"noopener\">lucerne@carage.net<\/a><\/p>\n<p>&nbsp;<\/p>\n<h4>Concepto, dise\u00f1o y programaci\u00f3n del sitio web<\/h4>\n<p>Direcci\u00f3n creativa: Micha Seger, <a href=\"https:\/\/square.ch\/\" target=\"_blank\" rel=\"noopener\">SQUARE<\/a><br \/>\nDirecci\u00f3n t\u00e9cnica: Andy Schmid,   <a href=\"https:\/\/dzl.digital\/\" target=\"_blank\" rel=\"noopener\">DZL.<\/a><\/p>\n","protected":false},"excerpt":{"rendered":"<p>SIC CARAGE AG Angel 5 6043 Adligenswil Suiza lucerne@carage.net &nbsp; Concepto, dise\u00f1o y programaci\u00f3n del sitio web Direcci\u00f3n creativa: Micha Seger, SQUARE Direcci\u00f3n t\u00e9cnica: Andy Schmid, DZL.<\/p>\n","protected":false},"author":2,"featured_media":0,"parent":0,"menu_order":0,"comment_status":"closed","ping_status":"closed","template":"","meta":{"_acf_changed":false,"inline_featured_image":false,"footnotes":""},"class_list":["post-2177","page","type-page","status-publish","hentry","entry"],"acf":[],"_links":{"self":[{"href":"https:\/\/carage.net\/es\/wp-json\/wp\/v2\/pages\/2177","targetHints":{"allow":["GET"]}}],"collection":[{"href":"https:\/\/carage.net\/es\/wp-json\/wp\/v2\/pages"}],"about":[{"href":"https:\/\/carage.net\/es\/wp-json\/wp\/v2\/types\/page"}],"author":[{"embeddable":true,"href":"https:\/\/carage.net\/es\/wp-json\/wp\/v2\/users\/2"}],"replies":[{"embeddable":true,"href":"https:\/\/carage.net\/es\/wp-json\/wp\/v2\/comments?post=2177"}],"version-history":[{"count":0,"href":"https:\/\/carage.net\/es\/wp-json\/wp\/v2\/pages\/2177\/revisions"}],"wp:attachment":[{"href":"https:\/\/carage.net\/es\/wp-json\/wp\/v2\/media?parent=2177"}],"curies":[{"name":"wp","href":"https:\/\/api.w.org\/{rel}","templated":true}]}}